{"id":497,"date":"2025-08-15T19:24:32","date_gmt":"2025-08-15T19:24:32","guid":{"rendered":"https:\/\/magenta-deer-701449.hostingersite.com\/services\/"},"modified":"2025-08-19T15:17:12","modified_gmt":"2025-08-19T15:17:12","slug":"services","status":"publish","type":"page","link":"https:\/\/louadahmecametal-dz.com\/?page_id=497","title":{"rendered":"Services"},"content":{"rendered":"\n<div class=\"wp-block-uagb-container uagb-block-cef93154 alignfull uagb-is-root-container\"><div class=\"uagb-container-inner-blocks-wrap\">\n<div class=\"wp-block-uagb-advanced-heading uagb-block-ee43a231\"><h1 class=\"uagb-heading-text\">Services<\/h1><\/div>\n<\/div><\/div>\n\n\n\n<div class=\"wp-block-uagb-container uagb-block-ca134fa2 alignfull uagb-is-root-container\"><div class=\"uagb-container-inner-blocks-wrap\">\n<div class=\"wp-block-uagb-info-box uagb-block-fb923f24 uagb-infobox__content-wrap  uagb-infobox-icon-above-title uagb-infobox-image-valign-top\"><div class=\"uagb-ifb-content\"><div class=\"uagb-ifb-title-wrap\"><h3 class=\"uagb-ifb-title-prefix\">Our Services<\/h3><h2 class=\"uagb-ifb-title\">Quality Services<\/h2><\/div><\/div><\/div>\n\n\n\n<div class=\"wp-block-uagb-container uagb-layout-grid uagb-block-5031fb51\">\n<div class=\"wp-block-uagb-info-box uagb-block-f051ebd8 uagb-infobox__content-wrap  uagb-infobox-icon-above-title uagb-infobox-image-valign-top wp-block-uagb-info-box--has-margin\"><div class=\"uagb-infobox-margin-wrapper\"><div class=\"uagb-ifb-content\"><div class=\"uagb-ifb-image-content\"><img decoding=\"async\" src=\"https:\/\/louadahmecametal-dz.com\/wp-content\/uploads\/2025\/08\/photo_2025-08-16_15-58-10.jpg\" alt=\"photo 2025 08 16 15 58 10\" width=\"739\" height=\"415\" loading=\"lazy\" title=\"Services\"><\/div><div class=\"uagb-ifb-title-wrap\"><h3 class=\"uagb-ifb-title\">Structures m\u00e9talliques<br>innovantes<\/h3><\/div><p class=\"uagb-ifb-desc\">Conception et r\u00e9alisation de structures. m\u00e9talliques adapt\u00e9es \u00e0 vos besoins les<br>plus exigeants<\/p><\/div><\/div><\/div>\n\n\n\n<div class=\"wp-block-uagb-info-box uagb-block-e954ed29 uagb-infobox__content-wrap  uagb-infobox-icon-above-title uagb-infobox-image-valign-top wp-block-uagb-info-box--has-margin\"><div class=\"uagb-infobox-margin-wrapper\"><div class=\"uagb-ifb-content\"><div class=\"uagb-ifb-image-content\"><img decoding=\"async\" src=\"https:\/\/louadahmecametal-dz.com\/wp-content\/uploads\/2025\/08\/photo_2025-08-16_16-13-50.jpg\" alt=\"photo 2025 08 16 16 13 50\" width=\"678\" height=\"452\" loading=\"lazy\" title=\"Services\"><\/div><div class=\"uagb-ifb-title-wrap\"><h3 class=\"uagb-ifb-title\">M\u00e9canique de haute pr\u00e9cision synonyme de qualit\u00e9 et fiabilit\u00e9<\/h3><\/div><p class=\"uagb-ifb-desc\">Nous proposons des services de m\u00e9canique de haute pr\u00e9cision, alliant innovation, savoir-faire et fiabilit\u00e9 pour<br>garantir des r\u00e9sultats durables<\/p><\/div><\/div><\/div>\n\n\n\n<div class=\"wp-block-uagb-info-box uagb-block-65efee6f uagb-infobox__content-wrap  uagb-infobox-icon-above-title uagb-infobox-image-valign-top wp-block-uagb-info-box--has-margin\"><div class=\"uagb-infobox-margin-wrapper\"><div class=\"uagb-ifb-content\"><div class=\"uagb-ifb-image-content\"><img decoding=\"async\" src=\"https:\/\/louadahmecametal-dz.com\/wp-content\/uploads\/2025\/08\/photo_2025-08-19_17-10-58.jpg\" alt=\"photo 2025 08 19 17 10 58\" width=\"1000\" height=\"667\" loading=\"lazy\" title=\"Services\"><\/div><div class=\"uagb-ifb-title-wrap\"><h3 class=\"uagb-ifb-title\">fabrication et r\u00e9alisation des pi\u00e8ces d\u00e9tach\u00e9es<\/h3><\/div><p class=\"uagb-ifb-desc\">Fabrication de pi\u00e8ces d\u00e9tach\u00e9es sur .mesure, alliant qualit\u00e9 et pr\u00e9cision<\/p><\/div><\/div><\/div>\n\n\n\n<div class=\"wp-block-uagb-info-box uagb-block-0174d2fb uagb-infobox__content-wrap  uagb-infobox-icon-above-title uagb-infobox-image-valign-top wp-block-uagb-info-box--has-margin\"><div class=\"uagb-infobox-margin-wrapper\"><div class=\"uagb-ifb-content\"><div class=\"uagb-ifb-image-content\"><img decoding=\"async\" src=\"https:\/\/louadahmecametal-dz.com\/wp-content\/uploads\/2025\/08\/photo_2025-08-16_16-52-23.jpg\" alt=\"photo 2025 08 16 16 52 23\" width=\"474\" height=\"295\" loading=\"lazy\" title=\"Services\"><\/div><div class=\"uagb-ifb-title-wrap\"><h3 class=\"uagb-ifb-title\">Centrprise de grands travaux publics et hydrauliques<\/h3><\/div><p class=\"uagb-ifb-desc\">Notre entreprise est experte dans les grands travaux publics et hydrauliques, offrant des solutions innovantes et durables pour r\u00e9pondre aux besoins des<br>infrastructures modernes<\/p><\/div><\/div><\/div>\n\n\n\n<div class=\"wp-block-uagb-info-box uagb-block-6babea65 uagb-infobox__content-wrap  uagb-infobox-icon-above-title uagb-infobox-image-valign-top wp-block-uagb-info-box--has-margin\"><div class=\"uagb-infobox-margin-wrapper\"><div class=\"uagb-ifb-content\"><div class=\"uagb-ifb-image-content\"><img decoding=\"async\" src=\"https:\/\/louadahmecametal-dz.com\/wp-content\/uploads\/2025\/08\/photo_2025-08-17_19-29-21.jpg\" alt=\"photo 2025 08 17 19 29 21\" width=\"600\" height=\"450\" loading=\"lazy\" title=\"Services\"><\/div><div class=\"uagb-ifb-title-wrap\"><h3 class=\"uagb-ifb-title\">importation de mat\u00e9riels,pi\u00e8ces d\u00e9tach\u00e9es et accessoires li\u00e9s au domaine m\u00e9canique<\/h3><\/div><p class=\"uagb-ifb-desc\">Importation de mat\u00e9riels m\u00e9caniques roulants ou autres<br>Importation de pi\u00e8ces d\u00e9tach\u00e9es et accessoires destin\u00e9s \u00e0 la r\u00e9paration et l\u2019entretien des \u00e9quipements<br>et mat\u00e9riels m\u00e9caniques<br>Importation des kits GPL, leurs pi\u00e8ces de rechanges et accessoires<\/p><\/div><\/div><\/div>\n\n\n\n<div class=\"wp-block-uagb-info-box uagb-block-61d96c3b uagb-infobox__content-wrap  uagb-infobox-icon-above-title uagb-infobox-image-valign-top wp-block-uagb-info-box--has-margin\"><div class=\"uagb-infobox-margin-wrapper\"><div class=\"uagb-ifb-content\"><div class=\"uagb-ifb-image-content\"><img decoding=\"async\" src=\"https:\/\/louadahmecametal-dz.com\/wp-content\/uploads\/2025\/08\/photo_2025-08-17_19-35-51.jpg\" alt=\"photo 2025 08 17 19 35 51\" width=\"1170\" height=\"843\" loading=\"lazy\" title=\"Services\"><\/div><div class=\"uagb-ifb-title-wrap\"><h3 class=\"uagb-ifb-title\">fabrication d&#8217;\u00e9quipements, d&#8217;accessoires et pi\u00e8ces d\u00e9tach\u00e9es pour autos<\/h3><\/div><p class=\"uagb-ifb-desc\">Fabrication et montage des composants d&#8217;\u00e9quipements et pi\u00e8ces d\u00e9tach\u00e9es de<br>moteurs d&#8217;autos et<br>tracteurs (d\u00e9marreurs, organes de transmission, carburateurs, pompes,<br>;etc\u2026)<\/p><\/div><\/div><\/div>\n<\/div>\n<\/div><\/div>\n\n\n\n<div class=\"wp-block-uagb-container uagb-block-203326f0 alignfull uagb-is-root-container\"><div class=\"uagb-container-inner-blocks-wrap\">\n<div class=\"wp-block-uagb-info-box uagb-block-1cc8c252 uagb-infobox__content-wrap  uagb-infobox-icon-above-title uagb-infobox-image-valign-top wp-block-uagb-info-box--has-margin\"><div class=\"uagb-infobox-margin-wrapper\"><div class=\"uagb-ifb-content\"><div class=\"uagb-ifb-title-wrap\"><h3 class=\"uagb-ifb-title-prefix\">Confiance et Cr\u00e9dibilit\u00e9<\/h3><h2 class=\"uagb-ifb-title\">Nos Clients<\/h2><\/div><\/div><\/div><\/div>\n\n\n\t\t\t\t\t<div\n\t\t\t\t\t\tclass=\"wp-block-uagb-image-gallery uagb-block-d68ea277     \"\n\t\t\t\t\t\tstyle=\"\"\n\t\t\t\t\t>\n\t\t\t\t\t\t\t\t\t\t\t<div class=\"spectra-image-gallery spectra-image-gallery__layout--carousel\">\n\t\t\t\t\t\t\t\t<div class=\"uagb-slick-carousel uagb-block-d68ea277\">\n\t\t\t\t\t\t\t\t\t\t\t\t<div class='spectra-image-gallery__media-wrapper' data-spectra-gallery-image-id='242'>\n\t\t\t\t\t\t\t<div class=\"spectra-image-gallery__media spectra-image-gallery__media--carousel\">\n\t\t\t\t<picture>\n\t\t\t\t\t<source media=\"(min-width: 1024px)\" srcset=\"https:\/\/louadahmecametal-dz.com\/wp-content\/uploads\/2021\/11\/logo-1-1.svg\">\n\t\t\t\t\t<source media=\"(min-width: 768px)\" srcset=\"https:\/\/louadahmecametal-dz.com\/wp-content\/uploads\/2021\/11\/logo-1-1.svg\">\n\t\t\t\t\t<img decoding=\"async\" class=\"spectra-image-gallery__media-thumbnail spectra-image-gallery__media-thumbnail--carousel\" src=\"https:\/\/louadahmecametal-dz.com\/wp-content\/uploads\/2021\/11\/logo-1-1.svg\" alt=\"Logo 1 1\" loading=\"lazy\" title=\"Services\">\n\t\t\t\t<\/picture>\n\t\t\t\t<div class=\"spectra-image-gallery__media-thumbnail-blurrer\"><\/div>\n\t\t\t\t\t\t\t\t\t\t\t<div class=\"spectra-image-gallery__media-thumbnail-caption-wrapper spectra-image-gallery__media-thumbnail-caption-wrapper--overlay\"><\/div>\n\t\t\t\t\t\t\t\t<\/div>\n\t\t\t\t\t\t<\/div>\n\t\t\t\t\t\t<div class='spectra-image-gallery__media-wrapper' data-spectra-gallery-image-id='247'>\n\t\t\t\t\t\t\t<div class=\"spectra-image-gallery__media spectra-image-gallery__media--carousel\">\n\t\t\t\t<picture>\n\t\t\t\t\t<source media=\"(min-width: 1024px)\" srcset=\"https:\/\/louadahmecametal-dz.com\/wp-content\/uploads\/2021\/11\/logo-2-1-1.svg\">\n\t\t\t\t\t<source media=\"(min-width: 768px)\" srcset=\"https:\/\/louadahmecametal-dz.com\/wp-content\/uploads\/2021\/11\/logo-2-1-1.svg\">\n\t\t\t\t\t<img decoding=\"async\" class=\"spectra-image-gallery__media-thumbnail spectra-image-gallery__media-thumbnail--carousel\" src=\"https:\/\/louadahmecametal-dz.com\/wp-content\/uploads\/2021\/11\/logo-2-1-1.svg\" alt=\"Logo 2 1 1\" loading=\"lazy\" title=\"Services\">\n\t\t\t\t<\/picture>\n\t\t\t\t<div class=\"spectra-image-gallery__media-thumbnail-blurrer\"><\/div>\n\t\t\t\t\t\t\t\t\t\t\t<div class=\"spectra-image-gallery__media-thumbnail-caption-wrapper spectra-image-gallery__media-thumbnail-caption-wrapper--overlay\"><\/div>\n\t\t\t\t\t\t\t\t<\/div>\n\t\t\t\t\t\t<\/div>\n\t\t\t\t\t\t<div class='spectra-image-gallery__media-wrapper' data-spectra-gallery-image-id='244'>\n\t\t\t\t\t\t\t<div class=\"spectra-image-gallery__media spectra-image-gallery__media--carousel\">\n\t\t\t\t<picture>\n\t\t\t\t\t<source media=\"(min-width: 1024px)\" srcset=\"https:\/\/louadahmecametal-dz.com\/wp-content\/uploads\/2021\/11\/logo-3-1.svg\">\n\t\t\t\t\t<source media=\"(min-width: 768px)\" srcset=\"https:\/\/louadahmecametal-dz.com\/wp-content\/uploads\/2021\/11\/logo-3-1.svg\">\n\t\t\t\t\t<img decoding=\"async\" class=\"spectra-image-gallery__media-thumbnail spectra-image-gallery__media-thumbnail--carousel\" src=\"https:\/\/louadahmecametal-dz.com\/wp-content\/uploads\/2021\/11\/logo-3-1.svg\" alt=\"Logo 3 1\" loading=\"lazy\" title=\"Services\">\n\t\t\t\t<\/picture>\n\t\t\t\t<div class=\"spectra-image-gallery__media-thumbnail-blurrer\"><\/div>\n\t\t\t\t\t\t\t\t\t\t\t<div class=\"spectra-image-gallery__media-thumbnail-caption-wrapper spectra-image-gallery__media-thumbnail-caption-wrapper--overlay\"><\/div>\n\t\t\t\t\t\t\t\t<\/div>\n\t\t\t\t\t\t<\/div>\n\t\t\t\t\t\t<div class='spectra-image-gallery__media-wrapper' data-spectra-gallery-image-id='245'>\n\t\t\t\t\t\t\t<div class=\"spectra-image-gallery__media spectra-image-gallery__media--carousel\">\n\t\t\t\t<picture>\n\t\t\t\t\t<source media=\"(min-width: 1024px)\" srcset=\"https:\/\/louadahmecametal-dz.com\/wp-content\/uploads\/2021\/11\/logo-4-1.svg\">\n\t\t\t\t\t<source media=\"(min-width: 768px)\" srcset=\"https:\/\/louadahmecametal-dz.com\/wp-content\/uploads\/2021\/11\/logo-4-1.svg\">\n\t\t\t\t\t<img decoding=\"async\" class=\"spectra-image-gallery__media-thumbnail spectra-image-gallery__media-thumbnail--carousel\" src=\"https:\/\/louadahmecametal-dz.com\/wp-content\/uploads\/2021\/11\/logo-4-1.svg\" alt=\"Logo 4 1\" loading=\"lazy\" title=\"Services\">\n\t\t\t\t<\/picture>\n\t\t\t\t<div class=\"spectra-image-gallery__media-thumbnail-blurrer\"><\/div>\n\t\t\t\t\t\t\t\t\t\t\t<div class=\"spectra-image-gallery__media-thumbnail-caption-wrapper spectra-image-gallery__media-thumbnail-caption-wrapper--overlay\"><\/div>\n\t\t\t\t\t\t\t\t<\/div>\n\t\t\t\t\t\t<\/div>\n\t\t\t\t\t\t<div class='spectra-image-gallery__media-wrapper' data-spectra-gallery-image-id='246'>\n\t\t\t\t\t\t\t<div class=\"spectra-image-gallery__media spectra-image-gallery__media--carousel\">\n\t\t\t\t<picture>\n\t\t\t\t\t<source media=\"(min-width: 1024px)\" srcset=\"https:\/\/louadahmecametal-dz.com\/wp-content\/uploads\/2021\/11\/logo-5-1.svg\">\n\t\t\t\t\t<source media=\"(min-width: 768px)\" srcset=\"https:\/\/louadahmecametal-dz.com\/wp-content\/uploads\/2021\/11\/logo-5-1.svg\">\n\t\t\t\t\t<img decoding=\"async\" class=\"spectra-image-gallery__media-thumbnail spectra-image-gallery__media-thumbnail--carousel\" src=\"https:\/\/louadahmecametal-dz.com\/wp-content\/uploads\/2021\/11\/logo-5-1.svg\" alt=\"Logo 5 1\" loading=\"lazy\" title=\"Services\">\n\t\t\t\t<\/picture>\n\t\t\t\t<div class=\"spectra-image-gallery__media-thumbnail-blurrer\"><\/div>\n\t\t\t\t\t\t\t\t\t\t\t<div class=\"spectra-image-gallery__media-thumbnail-caption-wrapper spectra-image-gallery__media-thumbnail-caption-wrapper--overlay\"><\/div>\n\t\t\t\t\t\t\t\t<\/div>\n\t\t\t\t\t\t<\/div>\n\t\t\t\t\t\t\t\t\t\t\t<\/div>\n\t\t\t\t\t\t\t<\/div>\n\t\t\t\t\t\t\t\t\t\t\t<\/div>\n\t\t\t\t\t\t\t\t\t<\/div><\/div>\n","protected":false},"excerpt":{"rendered":"<p>Services<\/p>\n","protected":false},"author":1,"featured_media":0,"parent":0,"menu_order":0,"comment_status":"closed","ping_status":"closed","template":"","meta":{"_uag_custom_page_level_css":"","_monsterinsights_skip_tracking":false,"_monsterinsights_sitenote_active":false,"_monsterinsights_sitenote_note":"","_monsterinsights_sitenote_category":0,"site-sidebar-layout":"no-sidebar","site-content-layout":"plain-container","ast-site-content-layout":"normal-width-container","site-content-style":"unboxed","site-sidebar-style":"unboxed","ast-global-header-display":"","ast-banner-title-visibility":"","ast-main-header-display":"","ast-hfb-above-header-display":"","ast-hfb-below-header-display":"","ast-hfb-mobile-header-display":"","site-post-title":"disabled","ast-breadcrumbs-content":"","ast-featured-img":"disabled","footer-sml-layout":"","theme-transparent-header-meta":"enabled","adv-header-id-meta":"","stick-header-meta":"","header-above-stick-meta":"","header-main-stick-meta":"","header-below-stick-meta":"","astra-migrate-meta-layouts":"set","ast-page-background-enabled":"default","ast-page-background-meta":{"desktop":{"background-color":"var(--ast-global-color-4)","background-image":"","background-repeat":"repeat","background-position":"center center","background-size":"auto","background-attachment":"scroll","background-type":"","background-media":"","overlay-type":"","overlay-color":"","overlay-opacity":"","overlay-gradient":""},"tablet":{"background-color":"","background-image":"","background-repeat":"repeat","background-position":"center center","background-size":"auto","background-attachment":"scroll","background-type":"","background-media":"","overlay-type":"","overlay-color":"","overlay-opacity":"","overlay-gradient":""},"mobile":{"background-color":"","background-image":"","background-repeat":"repeat","background-position":"center center","background-size":"auto","background-attachment":"scroll","background-type":"","background-media":"","overlay-type":"","overlay-color":"","overlay-opacity":"","overlay-gradient":""}},"ast-content-background-meta":{"desktop":{"background-color":"var(--ast-global-color-5)","background-image":"","background-repeat":"repeat","background-position":"center center","background-size":"auto","background-attachment":"scroll","background-type":"","background-media":"","overlay-type":"","overlay-color":"","overlay-opacity":"","overlay-gradient":""},"tablet":{"background-color":"var(--ast-global-color-5)","background-image":"","background-repeat":"repeat","background-position":"center center","background-size":"auto","background-attachment":"scroll","background-type":"","background-media":"","overlay-type":"","overlay-color":"","overlay-opacity":"","overlay-gradient":""},"mobile":{"background-color":"var(--ast-global-color-5)","background-image":"","background-repeat":"repeat","background-position":"center center","background-size":"auto","background-attachment":"scroll","background-type":"","background-media":"","overlay-type":"","overlay-color":"","overlay-opacity":"","overlay-gradient":""}},"footnotes":""},"class_list":["post-497","page","type-page","status-publish","hentry"],"aioseo_notices":[],"_hostinger_reach_plugin_has_subscription_block":false,"_hostinger_reach_plugin_is_elementor":false,"uagb_featured_image_src":{"full":false,"thumbnail":false,"medium":false,"medium_large":false,"large":false,"1536x1536":false,"2048x2048":false,"woocommerce_thumbnail":false,"woocommerce_single":false,"woocommerce_gallery_thumbnail":false},"uagb_author_info":{"display_name":"Abdelmadjid Louadah","author_link":"https:\/\/louadahmecametal-dz.com\/?author=1"},"uagb_comment_info":0,"uagb_excerpt":"Services","_links":{"self":[{"href":"https:\/\/louadahmecametal-dz.com\/index.php?rest_route=\/wp\/v2\/pages\/497","targetHints":{"allow":["GET"]}}],"collection":[{"href":"https:\/\/louadahmecametal-dz.com\/index.php?rest_route=\/wp\/v2\/pages"}],"about":[{"href":"https:\/\/louadahmecametal-dz.com\/index.php?rest_route=\/wp\/v2\/types\/page"}],"author":[{"embeddable":true,"href":"https:\/\/louadahmecametal-dz.com\/index.php?rest_route=\/wp\/v2\/users\/1"}],"replies":[{"embeddable":true,"href":"https:\/\/louadahmecametal-dz.com\/index.php?rest_route=%2Fwp%2Fv2%2Fcomments&post=497"}],"version-history":[{"count":7,"href":"https:\/\/louadahmecametal-dz.com\/index.php?rest_route=\/wp\/v2\/pages\/497\/revisions"}],"predecessor-version":[{"id":2178,"href":"https:\/\/louadahmecametal-dz.com\/index.php?rest_route=\/wp\/v2\/pages\/497\/revisions\/2178"}],"wp:attachment":[{"href":"https:\/\/louadahmecametal-dz.com\/index.php?rest_route=%2Fwp%2Fv2%2Fmedia&parent=497"}],"curies":[{"name":"wp","href":"https:\/\/api.w.org\/{rel}","templated":true}]}}