{"id":495,"date":"2025-08-15T19:24:32","date_gmt":"2025-08-15T19:24:32","guid":{"rendered":"https:\/\/magenta-deer-701449.hostingersite.com\/projects\/"},"modified":"2025-08-19T21:09:55","modified_gmt":"2025-08-19T21:09:55","slug":"projects","status":"publish","type":"page","link":"https:\/\/louadahmecametal-dz.com\/?page_id=495","title":{"rendered":"Projects"},"content":{"rendered":"\n<div class=\"wp-block-uagb-container uagb-block-5451af51 alignfull uagb-is-root-container\"><div class=\"uagb-container-inner-blocks-wrap\">\n<div class=\"wp-block-uagb-advanced-heading uagb-block-f45ed1f8\"><h1 class=\"uagb-heading-text\">Projet<\/h1><\/div>\n<\/div><\/div>\n\n\n\n<div class=\"wp-block-uagb-container uagb-block-52be6acf alignfull uagb-is-root-container\"><div class=\"uagb-container-inner-blocks-wrap\">\n<div class=\"wp-block-uagb-info-box uagb-block-86a9b711 uagb-infobox__content-wrap  uagb-infobox-icon-above-title uagb-infobox-image-valign-top\"><div class=\"uagb-ifb-content\"><div class=\"uagb-ifb-title-wrap\"><h3 class=\"uagb-ifb-title-prefix\">Nos projets<\/h3><h2 class=\"uagb-ifb-title\">Derniers travaux<\/h2><\/div><\/div><\/div>\n<\/div><\/div>\n\n\n\n<div class=\"wp-block-uagb-container uagb-block-cd1b7025 alignfull uagb-is-root-container\">\n<div class=\"wp-block-uagb-container uagb-block-a0acdf8c\">\n<div class=\"wp-block-uagb-advanced-heading uagb-block-df5c2a61\"><h3 class=\"uagb-heading-text\">Soudure de remorque<\/h3><p class=\"uagb-desc-text\">Travail pr\u00e9cis<\/p><\/div>\n<\/div>\n\n\n\n<div class=\"wp-block-uagb-container uagb-block-0d27ba32\">\n<div class=\"wp-block-uagb-advanced-heading uagb-block-f496d8a9\"><h3 class=\"uagb-heading-text\">Pi\u00e8ces de camion<\/h3><p class=\"uagb-desc-text\">La meilleure qualit\u00e9<\/p><\/div>\n<\/div>\n\n\n\n<div class=\"wp-block-uagb-container uagb-block-2ceea063\">\n<div class=\"wp-block-uagb-advanced-heading uagb-block-d86778c9\"><h3 class=\"uagb-heading-text\">R\u00e9paration de camions<\/h3><p class=\"uagb-desc-text\">Pr\u00e9cision du travail<\/p><\/div>\n<\/div>\n\n\n\n<div class=\"wp-block-uagb-container uagb-block-1da58fc0\">\n<div class=\"wp-block-uagb-advanced-heading uagb-block-53300214\"><h3 class=\"uagb-heading-text\"><strong> R\u00e9paration de remorque\u200b<\/strong><\/h3><p class=\"uagb-desc-text\">Rapidit\u00e9 du travail<\/p><\/div>\n<\/div>\n\n\n\n<div class=\"wp-block-uagb-container uagb-block-4c9202f7 alignfull uagb-is-root-container\"><div class=\"uagb-container-inner-blocks-wrap\">\n<div class=\"wp-block-uagb-advanced-heading uagb-block-977bb4d8\"><h3 class=\"uagb-heading-text\">R\u00e9paration m\u00e9canique de mat\u00e9riel lourd de transport routier<\/h3><p class=\"uagb-desc-text\">Confiance<\/p><\/div>\n<\/div><\/div>\n\n\n\n<div class=\"wp-block-uagb-container uagb-block-62965c0e alignfull uagb-is-root-container\"><div class=\"uagb-container-inner-blocks-wrap\">\n<div class=\"wp-block-uagb-advanced-heading uagb-block-2f43cafd\"><h3 class=\"uagb-heading-text\">m\u00e9canique g\u00e9n\u00e9rale<\/h3><p class=\"uagb-desc-text\">Meilleurs m\u00e9caniciens<\/p><\/div>\n<\/div><\/div>\n\n\n\n<div class=\"wp-block-uagb-container uagb-block-5d765877 alignfull uagb-is-root-container\"><div class=\"uagb-container-inner-blocks-wrap\">\n<div class=\"wp-block-uagb-advanced-heading uagb-block-9ce0afbe\"><h3 class=\"uagb-heading-text\">construction m\u00e9tallique<\/h3><p class=\"uagb-desc-text\">Meilleure collaboration<\/p><\/div>\n<\/div><\/div>\n\n\n\n<div class=\"wp-block-uagb-container uagb-block-4345b99f\">\n<div class=\"wp-block-uagb-advanced-heading uagb-block-36d061dc\"><h3 class=\"uagb-heading-text\">Travaux d\u2019\u00e9tanch\u00e9it\u00e9 et plomberie<\/h3><p class=\"uagb-desc-text\">Meilleur servic<\/p><\/div>\n<\/div>\n<\/div>\n\n\n\n<div class=\"wp-block-uagb-container uagb-block-203326f0 alignfull uagb-is-root-container\"><div class=\"uagb-container-inner-blocks-wrap\">\n<div class=\"wp-block-uagb-info-box uagb-block-1cc8c252 uagb-infobox__content-wrap  uagb-infobox-icon-above-title uagb-infobox-image-valign-top\"><div class=\"uagb-ifb-content\"><div class=\"uagb-ifb-title-wrap\"><h3 class=\"uagb-ifb-title-prefix\">Confiance et Cr\u00e9dibilit\u00e9<\/h3><h2 class=\"uagb-ifb-title\">Nos Clients<\/h2><\/div><\/div><\/div>\n<\/div><\/div>\n\n\n\t\t\t\t\t<div\n\t\t\t\t\t\tclass=\"wp-block-uagb-image-gallery uagb-block-5825a5b4     \"\n\t\t\t\t\t\tstyle=\"\"\n\t\t\t\t\t>\n\t\t\t\t\t\t\t\t\t\t\t<div class=\"spectra-image-gallery spectra-image-gallery__layout--carousel\">\n\t\t\t\t\t\t\t\t<div class=\"uagb-slick-carousel uagb-block-5825a5b4\">\n\t\t\t\t\t\t\t\t\t\t\t\t<div class='spectra-image-gallery__media-wrapper' data-spectra-gallery-image-id='242'>\n\t\t\t\t\t\t\t<div class=\"spectra-image-gallery__media spectra-image-gallery__media--carousel\">\n\t\t\t\t<picture>\n\t\t\t\t\t<source media=\"(min-width: 1024px)\" srcset=\"https:\/\/louadahmecametal-dz.com\/wp-content\/uploads\/2021\/11\/logo-1-1.svg\">\n\t\t\t\t\t<source media=\"(min-width: 768px)\" srcset=\"https:\/\/louadahmecametal-dz.com\/wp-content\/uploads\/2021\/11\/logo-1-1.svg\">\n\t\t\t\t\t<img decoding=\"async\" class=\"spectra-image-gallery__media-thumbnail spectra-image-gallery__media-thumbnail--carousel\" src=\"https:\/\/louadahmecametal-dz.com\/wp-content\/uploads\/2021\/11\/logo-1-1.svg\" alt=\"Logo 1 1\" loading=\"lazy\" title=\"Projects\">\n\t\t\t\t<\/picture>\n\t\t\t\t<div class=\"spectra-image-gallery__media-thumbnail-blurrer\"><\/div>\n\t\t\t\t\t\t\t\t\t\t\t<div class=\"spectra-image-gallery__media-thumbnail-caption-wrapper spectra-image-gallery__media-thumbnail-caption-wrapper--overlay\"><\/div>\n\t\t\t\t\t\t\t\t<\/div>\n\t\t\t\t\t\t<\/div>\n\t\t\t\t\t\t<div class='spectra-image-gallery__media-wrapper' data-spectra-gallery-image-id='247'>\n\t\t\t\t\t\t\t<div class=\"spectra-image-gallery__media spectra-image-gallery__media--carousel\">\n\t\t\t\t<picture>\n\t\t\t\t\t<source media=\"(min-width: 1024px)\" srcset=\"https:\/\/louadahmecametal-dz.com\/wp-content\/uploads\/2021\/11\/logo-2-1-1.svg\">\n\t\t\t\t\t<source media=\"(min-width: 768px)\" srcset=\"https:\/\/louadahmecametal-dz.com\/wp-content\/uploads\/2021\/11\/logo-2-1-1.svg\">\n\t\t\t\t\t<img decoding=\"async\" class=\"spectra-image-gallery__media-thumbnail spectra-image-gallery__media-thumbnail--carousel\" src=\"https:\/\/louadahmecametal-dz.com\/wp-content\/uploads\/2021\/11\/logo-2-1-1.svg\" alt=\"Logo 2 1 1\" loading=\"lazy\" title=\"Projects\">\n\t\t\t\t<\/picture>\n\t\t\t\t<div class=\"spectra-image-gallery__media-thumbnail-blurrer\"><\/div>\n\t\t\t\t\t\t\t\t\t\t\t<div class=\"spectra-image-gallery__media-thumbnail-caption-wrapper spectra-image-gallery__media-thumbnail-caption-wrapper--overlay\"><\/div>\n\t\t\t\t\t\t\t\t<\/div>\n\t\t\t\t\t\t<\/div>\n\t\t\t\t\t\t<div class='spectra-image-gallery__media-wrapper' data-spectra-gallery-image-id='244'>\n\t\t\t\t\t\t\t<div class=\"spectra-image-gallery__media spectra-image-gallery__media--carousel\">\n\t\t\t\t<picture>\n\t\t\t\t\t<source media=\"(min-width: 1024px)\" srcset=\"https:\/\/louadahmecametal-dz.com\/wp-content\/uploads\/2021\/11\/logo-3-1.svg\">\n\t\t\t\t\t<source media=\"(min-width: 768px)\" srcset=\"https:\/\/louadahmecametal-dz.com\/wp-content\/uploads\/2021\/11\/logo-3-1.svg\">\n\t\t\t\t\t<img decoding=\"async\" class=\"spectra-image-gallery__media-thumbnail spectra-image-gallery__media-thumbnail--carousel\" src=\"https:\/\/louadahmecametal-dz.com\/wp-content\/uploads\/2021\/11\/logo-3-1.svg\" alt=\"Logo 3 1\" loading=\"lazy\" title=\"Projects\">\n\t\t\t\t<\/picture>\n\t\t\t\t<div class=\"spectra-image-gallery__media-thumbnail-blurrer\"><\/div>\n\t\t\t\t\t\t\t\t\t\t\t<div class=\"spectra-image-gallery__media-thumbnail-caption-wrapper spectra-image-gallery__media-thumbnail-caption-wrapper--overlay\"><\/div>\n\t\t\t\t\t\t\t\t<\/div>\n\t\t\t\t\t\t<\/div>\n\t\t\t\t\t\t<div class='spectra-image-gallery__media-wrapper' data-spectra-gallery-image-id='245'>\n\t\t\t\t\t\t\t<div class=\"spectra-image-gallery__media spectra-image-gallery__media--carousel\">\n\t\t\t\t<picture>\n\t\t\t\t\t<source media=\"(min-width: 1024px)\" srcset=\"https:\/\/louadahmecametal-dz.com\/wp-content\/uploads\/2021\/11\/logo-4-1.svg\">\n\t\t\t\t\t<source media=\"(min-width: 768px)\" srcset=\"https:\/\/louadahmecametal-dz.com\/wp-content\/uploads\/2021\/11\/logo-4-1.svg\">\n\t\t\t\t\t<img decoding=\"async\" class=\"spectra-image-gallery__media-thumbnail spectra-image-gallery__media-thumbnail--carousel\" src=\"https:\/\/louadahmecametal-dz.com\/wp-content\/uploads\/2021\/11\/logo-4-1.svg\" alt=\"Logo 4 1\" loading=\"lazy\" title=\"Projects\">\n\t\t\t\t<\/picture>\n\t\t\t\t<div class=\"spectra-image-gallery__media-thumbnail-blurrer\"><\/div>\n\t\t\t\t\t\t\t\t\t\t\t<div class=\"spectra-image-gallery__media-thumbnail-caption-wrapper spectra-image-gallery__media-thumbnail-caption-wrapper--overlay\"><\/div>\n\t\t\t\t\t\t\t\t<\/div>\n\t\t\t\t\t\t<\/div>\n\t\t\t\t\t\t<div class='spectra-image-gallery__media-wrapper' data-spectra-gallery-image-id='246'>\n\t\t\t\t\t\t\t<div class=\"spectra-image-gallery__media spectra-image-gallery__media--carousel\">\n\t\t\t\t<picture>\n\t\t\t\t\t<source media=\"(min-width: 1024px)\" srcset=\"https:\/\/louadahmecametal-dz.com\/wp-content\/uploads\/2021\/11\/logo-5-1.svg\">\n\t\t\t\t\t<source media=\"(min-width: 768px)\" srcset=\"https:\/\/louadahmecametal-dz.com\/wp-content\/uploads\/2021\/11\/logo-5-1.svg\">\n\t\t\t\t\t<img decoding=\"async\" class=\"spectra-image-gallery__media-thumbnail spectra-image-gallery__media-thumbnail--carousel\" src=\"https:\/\/louadahmecametal-dz.com\/wp-content\/uploads\/2021\/11\/logo-5-1.svg\" alt=\"Logo 5 1\" loading=\"lazy\" title=\"Projects\">\n\t\t\t\t<\/picture>\n\t\t\t\t<div class=\"spectra-image-gallery__media-thumbnail-blurrer\"><\/div>\n\t\t\t\t\t\t\t\t\t\t\t<div class=\"spectra-image-gallery__media-thumbnail-caption-wrapper spectra-image-gallery__media-thumbnail-caption-wrapper--overlay\"><\/div>\n\t\t\t\t\t\t\t\t<\/div>\n\t\t\t\t\t\t<\/div>\n\t\t\t\t\t\t\t\t\t\t\t<\/div>\n\t\t\t\t\t\t\t<\/div>\n\t\t\t\t\t\t\t\t\t\t\t<\/div>\n\t\t\t\t\t\t\t\t\t","protected":false},"excerpt":{"rendered":"<p>Projet Soudure de remorque Travail pr\u00e9cis Pi\u00e8ces de camion La meilleure qualit\u00e9 R\u00e9paration de camions Pr\u00e9cision du travail R\u00e9paration de remorque\u200b Rapidit\u00e9 du travail R\u00e9paration m\u00e9canique de mat\u00e9riel lourd de transport routier Confiance m\u00e9canique g\u00e9n\u00e9rale Meilleurs m\u00e9caniciens construction m\u00e9tallique Meilleure collaboration Travaux d\u2019\u00e9tanch\u00e9it\u00e9 et plomberie Meilleur servic<\/p>\n","protected":false},"author":1,"featured_media":0,"parent":0,"menu_order":0,"comment_status":"closed","ping_status":"closed","template":"","meta":{"_uag_custom_page_level_css":"","_monsterinsights_skip_tracking":false,"_monsterinsights_sitenote_active":false,"_monsterinsights_sitenote_note":"","_monsterinsights_sitenote_category":0,"site-sidebar-layout":"no-sidebar","site-content-layout":"plain-container","ast-site-content-layout":"normal-width-container","site-content-style":"unboxed","site-sidebar-style":"unboxed","ast-global-header-display":"","ast-banner-title-visibility":"","ast-main-header-display":"","ast-hfb-above-header-display":"","ast-hfb-below-header-display":"","ast-hfb-mobile-header-display":"","site-post-title":"disabled","ast-breadcrumbs-content":"","ast-featured-img":"disabled","footer-sml-layout":"","theme-transparent-header-meta":"enabled","adv-header-id-meta":"","stick-header-meta":"","header-above-stick-meta":"","header-main-stick-meta":"","header-below-stick-meta":"","astra-migrate-meta-layouts":"set","ast-page-background-enabled":"default","ast-page-background-meta":{"desktop":{"background-color":"var(--ast-global-color-4)","background-image":"","background-repeat":"repeat","background-position":"center center","background-size":"auto","background-attachment":"scroll","background-type":"","background-media":"","overlay-type":"","overlay-color":"","overlay-opacity":"","overlay-gradient":""},"tablet":{"background-color":"","background-image":"","background-repeat":"repeat","background-position":"center center","background-size":"auto","background-attachment":"scroll","background-type":"","background-media":"","overlay-type":"","overlay-color":"","overlay-opacity":"","overlay-gradient":""},"mobile":{"background-color":"","background-image":"","background-repeat":"repeat","background-position":"center center","background-size":"auto","background-attachment":"scroll","background-type":"","background-media":"","overlay-type":"","overlay-color":"","overlay-opacity":"","overlay-gradient":""}},"ast-content-background-meta":{"desktop":{"background-color":"var(--ast-global-color-5)","background-image":"","background-repeat":"repeat","background-position":"center center","background-size":"auto","background-attachment":"scroll","background-type":"","background-media":"","overlay-type":"","overlay-color":"","overlay-opacity":"","overlay-gradient":""},"tablet":{"background-color":"var(--ast-global-color-5)","background-image":"","background-repeat":"repeat","background-position":"center center","background-size":"auto","background-attachment":"scroll","background-type":"","background-media":"","overlay-type":"","overlay-color":"","overlay-opacity":"","overlay-gradient":""},"mobile":{"background-color":"var(--ast-global-color-5)","background-image":"","background-repeat":"repeat","background-position":"center center","background-size":"auto","background-attachment":"scroll","background-type":"","background-media":"","overlay-type":"","overlay-color":"","overlay-opacity":"","overlay-gradient":""}},"footnotes":""},"class_list":["post-495","page","type-page","status-publish","hentry"],"aioseo_notices":[],"_hostinger_reach_plugin_has_subscription_block":false,"_hostinger_reach_plugin_is_elementor":false,"uagb_featured_image_src":{"full":false,"thumbnail":false,"medium":false,"medium_large":false,"large":false,"1536x1536":false,"2048x2048":false,"woocommerce_thumbnail":false,"woocommerce_single":false,"woocommerce_gallery_thumbnail":false},"uagb_author_info":{"display_name":"Abdelmadjid Louadah","author_link":"https:\/\/louadahmecametal-dz.com\/?author=1"},"uagb_comment_info":0,"uagb_excerpt":"Projet Soudure de remorque Travail pr\u00e9cis Pi\u00e8ces de camion La meilleure qualit\u00e9 R\u00e9paration de camions Pr\u00e9cision du travail R\u00e9paration de remorque\u200b Rapidit\u00e9 du travail R\u00e9paration m\u00e9canique de mat\u00e9riel lourd de transport routier Confiance m\u00e9canique g\u00e9n\u00e9rale Meilleurs m\u00e9caniciens construction m\u00e9tallique Meilleure collaboration Travaux d\u2019\u00e9tanch\u00e9it\u00e9 et plomberie Meilleur servic","_links":{"self":[{"href":"https:\/\/louadahmecametal-dz.com\/index.php?rest_route=\/wp\/v2\/pages\/495","targetHints":{"allow":["GET"]}}],"collection":[{"href":"https:\/\/louadahmecametal-dz.com\/index.php?rest_route=\/wp\/v2\/pages"}],"about":[{"href":"https:\/\/louadahmecametal-dz.com\/index.php?rest_route=\/wp\/v2\/types\/page"}],"author":[{"embeddable":true,"href":"https:\/\/louadahmecametal-dz.com\/index.php?rest_route=\/wp\/v2\/users\/1"}],"replies":[{"embeddable":true,"href":"https:\/\/louadahmecametal-dz.com\/index.php?rest_route=%2Fwp%2Fv2%2Fcomments&post=495"}],"version-history":[{"count":8,"href":"https:\/\/louadahmecametal-dz.com\/index.php?rest_route=\/wp\/v2\/pages\/495\/revisions"}],"predecessor-version":[{"id":2191,"href":"https:\/\/louadahmecametal-dz.com\/index.php?rest_route=\/wp\/v2\/pages\/495\/revisions\/2191"}],"wp:attachment":[{"href":"https:\/\/louadahmecametal-dz.com\/index.php?rest_route=%2Fwp%2Fv2%2Fmedia&parent=495"}],"curies":[{"name":"wp","href":"https:\/\/api.w.org\/{rel}","templated":true}]}}